{"id":314,"date":"2022-11-04T16:51:23","date_gmt":"2022-11-04T16:51:23","guid":{"rendered":"https:\/\/www.cenavj.cz\/?page_id=314"},"modified":"2025-07-08T09:49:52","modified_gmt":"2025-07-08T09:49:52","slug":"co-je-vytvarna-kritika","status":"publish","type":"page","link":"https:\/\/www.cenavj.cz\/?page_id=314","title":{"rendered":"Co je kritika"},"content":{"rendered":"\n<p class=\"has-text-align-center\"><strong>Ane\u017eka B\u00e1rtlov\u00e1: Co je v\u00fdtvarn\u00e1 kritika<\/strong><\/p>\n\n\n\n<p class=\"has-text-align-center\"><br>Prakticky zam\u011b\u0159en\u00e1 p\u0159\u00edru\u010dka porad\u00ed, jak napsat dobrou um\u011bleckou kritiku. Text se zam\u011b\u0159uje zejm\u00e9na na oblast v\u00fdtvarn\u00e9ho um\u011bn\u00ed: definuje, co je v\u00fdtvarn\u00e1 kritika, jak\u00e9 m\u00e1 \u017e\u00e1nry, obsahuje tipy, jak ps\u00e1t, a nechyb\u00ed ani kapitola o etice psan\u00ed.<\/p>\n\n\n\n<p class=\"has-text-align-center\"><\/p>\n\n\n<div class=\"wp-block-image\">\n<figure class=\"aligncenter size-large is-resized\"><img loading=\"lazy\" decoding=\"async\" width=\"720\" height=\"1024\" src=\"https:\/\/www.cenavj.cz\/wp-content\/uploads\/2025\/07\/Screenshot-2025-07-06-at-11.01.29-720x1024.png\" alt=\"\" class=\"wp-image-525\" style=\"width:399px;height:auto\" srcset=\"https:\/\/www.cenavj.cz\/wp-content\/uploads\/2025\/07\/Screenshot-2025-07-06-at-11.01.29-720x1024.png 720w, https:\/\/www.cenavj.cz\/wp-content\/uploads\/2025\/07\/Screenshot-2025-07-06-at-11.01.29-141x200.png 141w, https:\/\/www.cenavj.cz\/wp-content\/uploads\/2025\/07\/Screenshot-2025-07-06-at-11.01.29-1079x1536.png 1079w, https:\/\/www.cenavj.cz\/wp-content\/uploads\/2025\/07\/Screenshot-2025-07-06-at-11.01.29.png 1116w\" sizes=\"auto, (max-width: 720px) 85vw, 720px\" \/><\/figure><\/div>\n\n\n<p>&nbsp;<\/p>\n\n\n\n<p class=\"has-text-align-center\"><strong><a href=\"https:\/\/drive.google.com\/file\/d\/1AvjT8QdTrZXExfFsKRtZ5O3gVbUR-32l\/view?usp=sharing\">Bro\u017eura ke sta\u017een\u00ed zdarma.<\/a><\/strong><\/p>\n\n\n\n<p>&nbsp;<\/p>\n\n\n\n<h3 class=\"wp-block-heading has-text-align-center\"><strong>Dal\u0161\u00ed u\u017eite\u010dn\u00e9 odkazy:<\/strong><\/h3>\n\n\n\n<p class=\"has-text-align-center\"><a href=\"https:\/\/artalk.cz\">Artalk.cz<\/a><\/p>\n\n\n\n<p class=\"has-text-align-center\"><a href=\"https:\/\/artreview.com\">Artreview<\/a><\/p>\n\n\n\n<p class=\"has-text-align-center\"><a href=\"https:\/\/www.artforum.com\">Artforum<\/a><\/p>\n\n\n\n<p class=\"has-text-align-center\"><a href=\"https:\/\/artportal.hu\">Artortal.hu<\/a> a zejm\u00e9na anglickojazy\u010dn\u00e1 sekce: <a href=\"https:\/\/artportal.hu\/kategoria\/east-art-mags\/\">East Art Mags<\/a><\/p>\n\n\n\n<p class=\"has-text-align-center\"><a href=\"https:\/\/www.artantiques.cz\">Art Antiques<\/a><\/p>\n\n\n\n<p class=\"has-text-align-center\"><a href=\"https:\/\/artycok.tv\/cs\">Arty\u010dok.tv<\/a><\/p>\n\n\n\n<p class=\"has-text-align-center\"><a href=\"https:\/\/blokmagazine.com\">Blok.pl<\/a><\/p>\n\n\n\n<p class=\"has-text-align-center\"><a href=\"https:\/\/hyperallergic.com\">Hyperallergic<\/a><\/p>\n\n\n\n<p class=\"has-text-align-center\"><a href=\"https:\/\/www.theartnewspaper.com\">The Artnewspaper<\/a><\/p>\n\n\n\n<p class=\"has-text-align-center\"><a href=\"https:\/\/www.artnews.com\">Artnews<\/a><\/p>\n","protected":false},"excerpt":{"rendered":"<p>Ane\u017eka B\u00e1rtlov\u00e1: Co je v\u00fdtvarn\u00e1 kritika Prakticky zam\u011b\u0159en\u00e1 p\u0159\u00edru\u010dka porad\u00ed, jak napsat dobrou um\u011bleckou kritiku. Text se zam\u011b\u0159uje zejm\u00e9na na oblast v\u00fdtvarn\u00e9ho um\u011bn\u00ed: definuje, co je v\u00fdtvarn\u00e1 kritika, jak\u00e9 m\u00e1 \u017e\u00e1nry, obsahuje tipy, jak ps\u00e1t, a nechyb\u00ed ani kapitola o etice psan\u00ed. &nbsp; Bro\u017eura ke sta\u017een\u00ed zdarma. &nbsp; Dal\u0161\u00ed u\u017eite\u010dn\u00e9 odkazy: Artalk.cz Artreview Artforum Artortal.hu a zejm\u00e9na anglickojazy\u010dn\u00e1 sekce: East Art Mags Art Antiques Arty\u010dok.tv Blok.pl Hyperallergic The Artnewspaper Artnews<\/p>\n","protected":false},"author":2,"featured_media":0,"parent":0,"menu_order":0,"comment_status":"closed","ping_status":"closed","template":"","meta":{"footnotes":""},"class_list":["post-314","page","type-page","status-publish","hentry"],"_links":{"self":[{"href":"https:\/\/www.cenavj.cz\/index.php?rest_route=\/wp\/v2\/pages\/314","targetHints":{"allow":["GET"]}}],"collection":[{"href":"https:\/\/www.cenavj.cz\/index.php?rest_route=\/wp\/v2\/pages"}],"about":[{"href":"https:\/\/www.cenavj.cz\/index.php?rest_route=\/wp\/v2\/types\/page"}],"author":[{"embeddable":true,"href":"https:\/\/www.cenavj.cz\/index.php?rest_route=\/wp\/v2\/users\/2"}],"replies":[{"embeddable":true,"href":"https:\/\/www.cenavj.cz\/index.php?rest_route=%2Fwp%2Fv2%2Fcomments&post=314"}],"version-history":[{"count":25,"href":"https:\/\/www.cenavj.cz\/index.php?rest_route=\/wp\/v2\/pages\/314\/revisions"}],"predecessor-version":[{"id":540,"href":"https:\/\/www.cenavj.cz\/index.php?rest_route=\/wp\/v2\/pages\/314\/revisions\/540"}],"wp:attachment":[{"href":"https:\/\/www.cenavj.cz\/index.php?rest_route=%2Fwp%2Fv2%2Fmedia&parent=314"}],"curies":[{"name":"wp","href":"https:\/\/api.w.org\/{rel}","templated":true}]}}